{"id":45,"date":"2014-12-18T07:33:38","date_gmt":"2014-12-18T07:33:38","guid":{"rendered":"http:\/\/themes.muffingroup.com\/be\/yoga\/?page_id=2"},"modified":"2020-08-17T17:22:44","modified_gmt":"2020-08-17T17:22:44","slug":"home","status":"publish","type":"page","link":"https:\/\/dracelestealston.com\/","title":{"rendered":"Inicio"},"content":{"rendered":"","protected":false},"excerpt":{"rendered":"","protected":false},"author":1,"featured_media":0,"parent":0,"menu_order":0,"comment_status":"open","ping_status":"open","template":"","meta":[],"yoast_head":"<!-- This site is optimized with the Yoast SEO plugin v14.7 - https:\/\/yoast.com\/wordpress\/plugins\/seo\/ -->\n<title>Inicio &ndash; Dra. Celeste Alston Especialista en Urolog\u00eda Panam\u00e1<\/title>\n<meta name=\"description\" content=\"Inicio &ndash; Dra. Celeste Alston Especialista en Urolog\u00eda con enfoque en beb\u00e9s, ni\u00f1os(as), adultos y adultos mayores en la ciudad de Panam\u00e1.\" \/>\n<meta name=\"robots\" content=\"index, follow\" \/>\n<meta name=\"googlebot\" content=\"index, follow, max-snippet:-1, max-image-preview:large, max-video-preview:-1\" \/>\n<meta name=\"bingbot\" content=\"index, follow, max-snippet:-1, max-image-preview:large, max-video-preview:-1\" \/>\n<link rel=\"canonical\" href=\"https:\/\/dracelestealston.com\/\" \/>\n<meta property=\"og:locale\" content=\"es_ES\" \/>\n<meta property=\"og:type\" content=\"article\" \/>\n<meta property=\"og:title\" content=\"Inicio &ndash; Dra. Celeste Alston Especialista en Urolog\u00eda Panam\u00e1\" \/>\n<meta property=\"og:description\" content=\"Inicio &ndash; Dra. Celeste Alston Especialista en Urolog\u00eda con enfoque en beb\u00e9s, ni\u00f1os(as), adultos y adultos mayores en la ciudad de Panam\u00e1.\" \/>\n<meta property=\"og:url\" content=\"https:\/\/dracelestealston.com\/\" \/>\n<meta property=\"og:site_name\" content=\"Dra. Celeste Alston\" \/>\n<meta property=\"article:publisher\" content=\"https:\/\/www.facebook.com\/celeste.alston.75\" \/>\n<meta property=\"article:modified_time\" content=\"2020-08-17T17:22:44+00:00\" \/>\n<meta name=\"twitter:card\" content=\"summary_large_image\" \/>\n<script type=\"application\/ld+json\" class=\"yoast-schema-graph\">{\"@context\":\"https:\/\/schema.org\",\"@graph\":[{\"@type\":\"Organization\",\"@id\":\"https:\/\/dracelestealston.com\/#organization\",\"name\":\"Dra. Celeste ALston\",\"url\":\"https:\/\/dracelestealston.com\/\",\"sameAs\":[\"https:\/\/www.facebook.com\/celeste.alston.75\",\"https:\/\/www.instagram.com\/celestealston\/\"],\"logo\":{\"@type\":\"ImageObject\",\"@id\":\"https:\/\/dracelestealston.com\/#logo\",\"inLanguage\":\"es\",\"url\":\"https:\/\/dracelestealston.com\/wp-content\/uploads\/2020\/05\/logo-dra-celeste-completo.png\",\"width\":519,\"height\":265,\"caption\":\"Dra. Celeste ALston\"},\"image\":{\"@id\":\"https:\/\/dracelestealston.com\/#logo\"}},{\"@type\":\"WebSite\",\"@id\":\"https:\/\/dracelestealston.com\/#website\",\"url\":\"https:\/\/dracelestealston.com\/\",\"name\":\"Dra. Celeste Alston\",\"description\":\"Especialista en Urolog\\u00eda con enfoque en Beb\\u00e9s, Ni\\u00f1os(as), Adultos y Adultos mayores\",\"publisher\":{\"@id\":\"https:\/\/dracelestealston.com\/#organization\"},\"potentialAction\":[{\"@type\":\"SearchAction\",\"target\":\"https:\/\/dracelestealston.com\/?s={search_term_string}\",\"query-input\":\"required name=search_term_string\"}],\"inLanguage\":\"es\"},{\"@type\":\"WebPage\",\"@id\":\"https:\/\/dracelestealston.com\/#webpage\",\"url\":\"https:\/\/dracelestealston.com\/\",\"name\":\"Inicio &ndash; Dra. Celeste Alston Especialista en Urolog\\u00eda Panam\\u00e1\",\"isPartOf\":{\"@id\":\"https:\/\/dracelestealston.com\/#website\"},\"datePublished\":\"2014-12-18T07:33:38+00:00\",\"dateModified\":\"2020-08-17T17:22:44+00:00\",\"description\":\"Inicio &ndash; Dra. Celeste Alston Especialista en Urolog\\u00eda con enfoque en beb\\u00e9s, ni\\u00f1os(as), adultos y adultos mayores en la ciudad de Panam\\u00e1.\",\"inLanguage\":\"es\",\"potentialAction\":[{\"@type\":\"ReadAction\",\"target\":[\"https:\/\/dracelestealston.com\/\"]}]}]}<\/script>\n<!-- \/ Yoast SEO plugin. -->","_links":{"self":[{"href":"https:\/\/dracelestealston.com\/index.php\/wp-json\/wp\/v2\/pages\/45"}],"collection":[{"href":"https:\/\/dracelestealston.com\/index.php\/wp-json\/wp\/v2\/pages"}],"about":[{"href":"https:\/\/dracelestealston.com\/index.php\/wp-json\/wp\/v2\/types\/page"}],"author":[{"embeddable":true,"href":"https:\/\/dracelestealston.com\/index.php\/wp-json\/wp\/v2\/users\/1"}],"replies":[{"embeddable":true,"href":"https:\/\/dracelestealston.com\/index.php\/wp-json\/wp\/v2\/comments?post=45"}],"version-history":[{"count":1,"href":"https:\/\/dracelestealston.com\/index.php\/wp-json\/wp\/v2\/pages\/45\/revisions"}],"predecessor-version":[{"id":73,"href":"https:\/\/dracelestealston.com\/index.php\/wp-json\/wp\/v2\/pages\/45\/revisions\/73"}],"wp:attachment":[{"href":"https:\/\/dracelestealston.com\/index.php\/wp-json\/wp\/v2\/media?parent=45"}],"curies":[{"name":"wp","href":"https:\/\/api.w.org\/{rel}","templated":true}]}}